{"id":582,"date":"2021-03-27T17:27:22","date_gmt":"2021-03-27T16:27:22","guid":{"rendered":"https:\/\/hire-an.expert\/?page_id=582"},"modified":"2021-04-01T17:49:47","modified_gmt":"2021-04-01T15:49:47","slug":"impress","status":"publish","type":"page","link":"https:\/\/hire-an.expert\/de\/impress\/","title":{"rendered":"Impressum"},"content":{"rendered":"\n<p><strong>Angaben gem\u00e4\u00df \u00a7 5 TMG:<\/strong><br>Dipl.-Inf. (BA) Kay Schimank<br>hire-an.expert<br>Gro\u00dfenhainerstra\u00dfe 147<br>01129 Dresden<\/p>\n\n\n\n<p>Kontakt:<br>Telefon: +4915227065051<br>E-Mail: <a href=\"mailto:webmaster@hire-an.expert\">webmaster@hire-an.expert<\/a><\/p>\n\n\n\n<p>VAT-ID: DE283518714<\/p>\n\n\n\n<p><strong>Verantwortlich f\u00fcr den Inhalt:<\/strong><br>Dipl.-Inf. (BA) Kay Schimank<br>Gro\u00dfenhainerstra\u00dfe 147<br>01129 Dresden<br><\/p>\n\n\n\n<h3 class=\"wp-block-heading\">Handelsmarken und Markennamen:<\/h3>\n\n\n\n<p>Die auf diesen Seiten verwendeten Warenzeichen, eingetragenen Warenzeichen, Handelsmarken oder Handelsnamen dienen nur zur journalistischen Beschreibung. SAP ME, SAP MII, SAP PCo, SAPUI5, Netweaver sind eingetragene Warenzeichen der SAP AG.<\/p>\n\n\n\n<p>Aus der Verwendung dieser Namen und Zeichen, auch wenn sie nicht als diese gekennzeichnet sind, darf nicht geschlossen werden, da\u00df sie frei verf\u00fcgbar sind. Alle Rechte liegen bei ihren Eigent\u00fcmern, die von mir anerkannt werden.<\/p>\n\n\n\n<h3 class=\"wp-block-heading\">Haftungshinweis:<\/h3>\n\n\n\n<p>Trotz sorgf\u00e4ltiger inhaltlicher Kontrolle \u00fcbernehme ich keine Haftung f\u00fcr die Inhalte externer Links. F\u00fcr den Inhalt der verlinkten Seiten sind ausschlie\u00dflich deren Betreiber verantwortlich.<\/p>\n\n\n\n<h3 class=\"wp-block-heading\">Rechtliche Hinweise:<\/h3>\n\n\n\n<p>Eine Vervielf\u00e4ltigung der auf diesen Seiten angebotenen Dateien, Texte, Grafiken, Fotos oder sonstigen Elemente auf jegliches Medium bedarf der Zustimmung durch den Herausgeber. Die Darstellung einer Seite aus diesem Dienst in einem Frame einer fremden Seite oder das Darstellen von Inhalten dieses Dienstes als eigene Information ist nur nach Zustimmung vom Herausgeber erlaubt. F\u00fcr Artikel und Beitr\u00e4ge auf www.mdvs.de ist der Urheber verantwortlich.<\/p>\n\n\n\n<h3 class=\"wp-block-heading\">Quellenangabe der Fotos:<\/h3>\n\n\n\n<p><a href=\"https:\/\/foto-paletzki.de\/\">Paletzki Foto-Therapie (foto-paletzki.de)<\/a><\/p>\n\n\n\n<p><a href=\"https:\/\/www.kuesel-design.de\/\">Grafik-Design | Timo K\u00fcsel | K\u00fcsel-Design (kuesel-design.de)<\/a><\/p>\n","protected":false},"excerpt":{"rendered":"<p>Angaben gem\u00e4\u00df \u00a7 5 TMG:Dipl.-Inf. (BA) Kay Schimankhire-an.expertGro\u00dfenhainerstra\u00dfe 14701129 Dresden Kontakt:Telefon: +4915227065051E-Mail: webmaster@hire-an.expert VAT-ID: DE283518714 Verantwortlich f\u00fcr den Inhalt:Dipl.-Inf. (BA) Kay SchimankGro\u00dfenhainerstra\u00dfe 14701129 Dresden Handelsmarken und Markennamen: Die auf diesen Seiten verwendeten Warenzeichen, eingetragenen Warenzeichen, Handelsmarken oder Handelsnamen dienen nur zur journalistischen Beschreibung. SAP ME, SAP MII, SAP PCo, SAPUI5, Netweaver sind eingetragene Warenzeichen der [&hellip;]<\/p>\n","protected":false},"author":1,"featured_media":0,"parent":0,"menu_order":0,"comment_status":"closed","ping_status":"closed","template":"","meta":{"qubely_global_settings":"","qubely_interactions":"","footnotes":""},"class_list":["post-582","page","type-page","status-publish","hentry"],"blocksy_meta":{"page_title_panel":"","has_hero_section":"default","e4825d40be514b1b6e60370895398a0f":"","hero_section":"type-1","hero_elements":[{"id":"custom_title","enabled":true,"heading_tag":"h1","title":"Startseite"},{"id":"custom_description","enabled":true,"description_visibility":{"desktop":true,"tablet":true,"mobile":false}},{"id":"custom_meta","enabled":false,"meta_elements":[{"id":"author","enabled":true,"label":"Von","has_author_avatar":"yes","avatar_size":25},{"id":"post_date","enabled":true,"label":"Am","date_format_source":"default","date_format":"M j, Y"},{"id":"comments","enabled":true}],"page_meta_elements":{"joined":true,"articles_count":true,"comments":true}},{"id":"breadcrumbs","enabled":false}],"1e17fba7f9011ea47ce740c6929d91e9":"","hero_alignment1":"left","hero_margin":{"desktop":50,"tablet":30,"mobile":30},"hero_alignment2":"center","hero_vertical_alignment":"center","15633ac8c2ee0289c70ea829c59fe1dc":"","hero_structure":"narrow","5cd1d222880fc0a8327ccd3262f2fd32":"","page_title_bg_type":"featured_image","custom_hero_background":{"attachment_id":null},"parallax":{"desktop":false,"tablet":false,"mobile":false},"cfa42d9c489bcb7eac9fa74a33074e54":"","hero_height":"250px","pageTitleFont":{"family":"Default","variation":"Default","size":{"desktop":"32px","tablet":"30px","mobile":"25px"},"line-height":"CT_CSS_SKIP_RULE","letter-spacing":"CT_CSS_SKIP_RULE","text-transform":"CT_CSS_SKIP_RULE","text-decoration":"CT_CSS_SKIP_RULE"},"pageTitleFontColor":{"default":{"color":"CT_CSS_SKIP_RULEDEFAULT"}},"pageMetaFont":{"family":"Default","variation":"n6","size":"12px","line-height":"1.3","letter-spacing":"CT_CSS_SKIP_RULE","text-transform":"uppercase","text-decoration":"CT_CSS_SKIP_RULE"},"pageMetaFontColor":{"default":{"color":"CT_CSS_SKIP_RULEDEFAULT"},"hover":{"color":"CT_CSS_SKIP_RULEDEFAULT"}},"pageExcerptFont":{"family":"Default","variation":"Default","size":"CT_CSS_SKIP_RULE","line-height":"CT_CSS_SKIP_RULE","letter-spacing":"CT_CSS_SKIP_RULE","text-transform":"CT_CSS_SKIP_RULE","text-decoration":"CT_CSS_SKIP_RULE"},"pageExcerptColor":{"default":{"color":"CT_CSS_SKIP_RULEDEFAULT"}},"breadcrumbsFont":{"family":"Default","variation":"n6","size":"12px","line-height":"CT_CSS_SKIP_RULE","letter-spacing":"CT_CSS_SKIP_RULE","text-transform":"uppercase","text-decoration":"CT_CSS_SKIP_RULE"},"breadcrumbsFontColor":{"default":{"color":"CT_CSS_SKIP_RULEDEFAULT"},"initial":{"color":"CT_CSS_SKIP_RULEDEFAULT"},"hover":{"color":"CT_CSS_SKIP_RULEDEFAULT"}},"pageTitleOverlay":{"default":{"color":"CT_CSS_SKIP_RULE"}},"pageTitleBackground":{"background_type":"color","background_pattern":"type-1","background_image":{"attachment_id":null,"x":0,"y":0},"gradient":"linear-gradient(135deg,rgba(6,147,227,1) 0%,rgb(155,81,224) 100%)","background_repeat":"no-repeat","background_size":"auto","background_attachment":"scroll","patternColor":{"default":{"color":"#e5e7ea"}},"overlayColor":{"default":{"color":"CT_CSS_SKIP_RULE"}},"backgroundColor":{"default":{"color":"#EDEFF2"}}},"pageTitlePadding":{"top":"50px","bottom":"50px","left":"auto","right":"auto","linked":true},"ffee92d0006c6f04503f444ea9cd4a9a":"","page_structure_type":"default","content_style":"inherit","vertical_spacing_source":"inherit","content_area_spacing":"both","background":{"background_type":"color","background_pattern":"type-1","background_image":{"attachment_id":null,"x":0,"y":0},"gradient":"linear-gradient(135deg,rgba(6,147,227,1) 0%,rgb(155,81,224) 100%)","background_repeat":"no-repeat","background_size":"auto","background_attachment":"scroll","patternColor":{"default":{"color":"#e5e7ea"}},"overlayColor":{"default":{"color":"CT_CSS_SKIP_RULE"}},"backgroundColor":{"default":{"color":"CT_CSS_SKIP_RULE"}}},"content_background":{"background_type":"color","background_pattern":"type-1","background_image":{"attachment_id":null,"x":0,"y":0},"gradient":"linear-gradient(135deg,rgba(6,147,227,1) 0%,rgb(155,81,224) 100%)","background_repeat":"no-repeat","background_size":"auto","background_attachment":"scroll","patternColor":{"default":{"color":"#e5e7ea"}},"overlayColor":{"default":{"color":"CT_CSS_SKIP_RULE"}},"backgroundColor":{"default":{"color":"#ffffff"}}},"content_boxed_shadow":{"inherit":false,"blur":18,"spread":-6,"v_offset":12,"h_offset":0,"inset":false,"enable":true,"color":{"color":"rgba(34, 56, 101, 0.04)"}},"boxed_content_spacing":{"desktop":{"top":"40px","bottom":"40px","left":"40px","right":"40px","linked":true},"tablet":{"top":"35px","bottom":"35px","left":"35px","right":"35px","linked":true},"mobile":{"top":"20px","bottom":"20px","left":"20px","right":"20px","linked":true}},"content_boxed_radius":{"top":"3px","bottom":"3px","left":"3px","right":"3px","linked":true},"7e8981621d3c55d8dc3bafa1700ea4c8":"","disable_featured_image":"no","disable_header":"no","disable_footer":"no","styles_descriptor":{"styles":{"desktop":"","tablet":"","mobile":""},"google_fonts":[]}},"featured_image_urls_v2":{"full":"","thumbnail":"","medium":"","medium_large":"","large":"","1536x1536":"","2048x2048":"","trp-custom-language-flag":"","qubely_landscape":"","qubely_portrait":"","qubely_thumbnail":""},"post_excerpt_stackable_v2":"<p>Angaben gem\u00e4\u00df \u00a7 5 TMG:Dipl.-Inf. (BA) Kay Schimankhire-an.expertGro\u00dfenhainerstra\u00dfe 14701129 Dresden Kontakt:Telefon: +4915227065051E-Mail: webmaster@hire-an.expert VAT-ID: DE283518714 Verantwortlich f\u00fcr den Inhalt:Dipl.-Inf. (BA) Kay SchimankGro\u00dfenhainerstra\u00dfe 14701129 Dresden Handelsmarken und Markennamen: Die auf diesen Seiten verwendeten Warenzeichen, eingetragenen Warenzeichen, Handelsmarken oder Handelsnamen dienen nur zur journalistischen Beschreibung. SAP ME, SAP MII, SAP PCo, SAPUI5, Netweaver sind eingetragene Warenzeichen der SAP AG. Aus der Verwendung dieser Namen und Zeichen, auch wenn sie nicht als diese gekennzeichnet sind, darf nicht geschlossen werden, da\u00df sie frei verf\u00fcgbar sind. Alle Rechte liegen bei ihren Eigent\u00fcmern, die von mir anerkannt werden. Haftungshinweis: Trotz sorgf\u00e4ltiger inhaltlicher Kontrolle \u00fcbernehme ich keine&hellip;<\/p>\n","category_list_v2":"","author_info_v2":{"name":"Kay","url":"https:\/\/hire-an.expert\/de\/author\/hireanexpertadm\/"},"comments_num_v2":"0 comments","_links":{"self":[{"href":"https:\/\/hire-an.expert\/de\/wp-json\/wp\/v2\/pages\/582","targetHints":{"allow":["GET"]}}],"collection":[{"href":"https:\/\/hire-an.expert\/de\/wp-json\/wp\/v2\/pages"}],"about":[{"href":"https:\/\/hire-an.expert\/de\/wp-json\/wp\/v2\/types\/page"}],"author":[{"embeddable":true,"href":"https:\/\/hire-an.expert\/de\/wp-json\/wp\/v2\/users\/1"}],"replies":[{"embeddable":true,"href":"https:\/\/hire-an.expert\/de\/wp-json\/wp\/v2\/comments?post=582"}],"version-history":[{"count":5,"href":"https:\/\/hire-an.expert\/de\/wp-json\/wp\/v2\/pages\/582\/revisions"}],"predecessor-version":[{"id":731,"href":"https:\/\/hire-an.expert\/de\/wp-json\/wp\/v2\/pages\/582\/revisions\/731"}],"wp:attachment":[{"href":"https:\/\/hire-an.expert\/de\/wp-json\/wp\/v2\/media?parent=582"}],"curies":[{"name":"wp","href":"https:\/\/api.w.org\/{rel}","templated":true}]}}