{"id":555,"date":"2020-08-14T14:29:45","date_gmt":"2020-08-14T14:29:45","guid":{"rendered":"https:\/\/demo.creativethemes.com\/blocksy\/business\/?page_id=9"},"modified":"2024-11-04T15:50:00","modified_gmt":"2024-11-04T14:50:00","slug":"home-2","status":"publish","type":"page","link":"https:\/\/hire-an.expert\/en\/","title":{"rendered":"Home"},"content":{"rendered":"\n<div class=\"wp-block-qubely-row alignfull qubely-section qubely-block-f7a02a\" id=\"headerBlockForOverlay\"><div class=\"qubely-row-overlay\"><\/div><div class=\"qubely-container\"><div class=\"qubely-row \">\n<div class=\"wp-block-qubely-column qubely-column qubely-column-front qubely-block-e63638\"><div class=\"qubely-column-inner\">\n<div class=\"wp-block-qubely-row qubely-section qubely-block-d977dd\"><div class=\"qubely-row-overlay\"><\/div><div class=\"qubely-container-fluid\"><div class=\"qubely-row \">\n<div class=\"wp-block-qubely-column qubely-column qubely-column-front qubely-block-2799f4\"><div class=\"qubely-column-inner\">\n<div class=\"wp-block-qubely-heading qubely-block-129e8e\" id=\"1-herzlich-willkommen\"><div class=\"qubely-block-heading  \"><div class=\"qubely-heading-container\"><h2 class=\"qubely-heading-selector\">Herzlich Willkommen<\/h2><\/div><\/div><\/div>\n\n\n\n<div class=\"wp-block-qubely-text qubely-block-0bb9b6\"><div class=\"qubely-block-text  \"><p>Mein Name ist Kay Schimank, freiberuflicher SAP-MES-Consultant und Software-Entwickler.<br><br>Sie sind auf der Suche nach jemandem, der ihr Projekt Team verst\u00e4rkt und hierbei Erfahrungen von Anwendungsseite und Entwicklerseite kombiniert? Dann schauen Sie sich um und treten Sie gerne unverbindlich mit mir in Kontakt<\/p><\/div><\/div>\n<\/div><\/div>\n<\/div><\/div><\/div>\n<\/div><\/div>\n<\/div><\/div><\/div>\n\n\n\n<div class=\"wp-block-qubely-row qubely-section qubely-block-3a3b52\"><div class=\"qubely-row-overlay\"><\/div><div class=\"qubely-container\"><div class=\"qubely-row \">\n<div class=\"wp-block-qubely-column qubely-column qubely-column-front qubely-block-695949\"><div class=\"qubely-column-inner\">\n<div class=\"wp-block-qubely-heading qubely-block-e967e5\"><div class=\"qubely-block-heading  \"><div class=\"qubely-heading-container\"><h1 class=\"qubely-heading-selector\">Leistungsspektrum<\/h1><\/div><\/div><\/div>\n\n\n\n<div class=\"wp-block-qubely-row qubely-section qubely-block-29f342\"><div class=\"qubely-row-overlay\"><\/div><div class=\"qubely-container-fluid\"><div class=\"qubely-row \">\n<div class=\"wp-block-qubely-column qubely-column qubely-column-front qubely-block-cf2508\"><div class=\"qubely-column-inner\">\n<div class=\"wp-block-qubely-text qubely-block-e360a7\"><div class=\"qubely-block-text  \"><p>Mit \u00fcber neun Jahren Erfahrung als leitender Entwickler im Bereich SAP Manufacturing Erweiterung\/Customizing biete ich Ihnen ein breites Spektrum f\u00fcr alle &#8222;Shop Floor to Top Floor&#8220;-Projekte<\/p><\/div><\/div>\n\n\n\n<div class=\"wp-block-qubely-row qubely-section qubely-block-593933\"><div class=\"qubely-row-overlay\"><\/div><div class=\"qubely-container-fluid\"><div class=\"qubely-row \">\n<div class=\"wp-block-qubely-column qubely-column qubely-column-front qubely-block-47cb4b\"><div class=\"qubely-column-inner\">\n<div class=\"wp-block-qubely-infobox qubely-block-f692ba\"><div class=\"qubely-block-info-box  qubely-info-box-layout-1\"><div class=\"qubely-info-box-media\"><i class=\"qubely-info-box-icon fas fa-users-cog\"><\/i><\/div><div class=\"qubely-info-box-body\"><div class=\"qubely-info-box-title-container  qubely-separator-position-top\"><div class=\"qubely-info-box-title-inner\"><h4 class=\"qubely-info-box-title\">SAP ME<\/h4><\/div><\/div><div class=\"qubely-info-box-content\"><div class=\"qubely-info-box-text\">Der Kern der SAP Manufacturing Suite, SAP Manufacturing Execution. SAP ME unterst\u00fctzt Sie und Ihre Fertigung bei der effizienten und nachvollziehbaren Abarbeitung von Auftr\u00e4gen &#8211; und ich unterst\u00fctze Sie dabei.<\/div><\/div><\/div><\/div><\/div>\n<\/div><\/div>\n\n\n\n<div class=\"wp-block-qubely-column qubely-column qubely-column-front qubely-block-4a5298\"><div class=\"qubely-column-inner\">\n<div class=\"wp-block-qubely-infobox qubely-block-5e8b9a\"><div class=\"qubely-block-info-box  qubely-info-box-layout-1\"><div class=\"qubely-info-box-media\"><i class=\"qubely-info-box-icon fas fa-toolbox\"><\/i><\/div><div class=\"qubely-info-box-body\"><div class=\"qubely-info-box-title-container  qubely-separator-position-top\"><div class=\"qubely-info-box-title-inner\"><h4 class=\"qubely-info-box-title\">SAP MII<\/h4><\/div><\/div><div class=\"qubely-info-box-content\"><div class=\"qubely-info-box-text\">Egal ob Business-Logik, Datenanbindung oder Benutzeroberfl\u00e4chen in der hochflexiblen Komponente &#8222;SAP Manufacturing Integration and Intelligence&#8220; findet sich f\u00fcr alles das richtige Werkzeug.<\/div><\/div><\/div><\/div><\/div>\n<\/div><\/div>\n\n\n\n<div class=\"wp-block-qubely-column qubely-column qubely-column-front qubely-block-3d6c31\"><div class=\"qubely-column-inner\">\n<div class=\"wp-block-qubely-infobox aligncenter qubely-block-6709e9\"><div class=\"qubely-block-info-box  qubely-info-box-layout-1\"><div class=\"qubely-info-box-media\"><i class=\"qubely-info-box-icon fas fa-network-wired\"><\/i><\/div><div class=\"qubely-info-box-body\"><div class=\"qubely-info-box-title-container  qubely-separator-position-top\"><div class=\"qubely-info-box-title-inner\"><h4 class=\"qubely-info-box-title\">SAP PCo<\/h4><\/div><\/div><div class=\"qubely-info-box-content\"><div class=\"qubely-info-box-text\">Daten in Echtzeit \u00fcber System- und Protokolgrenzen hinweg verarbeiten? Maschinen-Integration f\u00fcr SAP ME\/MII? Mit &#8222;SAP Plant Connectivity&#8220; kein Problem.<\/div><\/div><\/div><\/div><\/div>\n<\/div><\/div>\n<\/div><\/div><\/div>\n\n\n\n<div class=\"wp-block-qubely-row qubely-section qubely-block-50f511\"><div class=\"qubely-row-overlay\"><\/div><div class=\"qubely-container-fluid\"><div class=\"qubely-row \">\n<div class=\"wp-block-qubely-column qubely-column qubely-column-front qubely-block-9b89bb\"><div class=\"qubely-column-inner\">\n<div class=\"wp-block-qubely-infobox qubely-block-0c4efa\"><div class=\"qubely-block-info-box  qubely-info-box-layout-1\"><div class=\"qubely-info-box-media\"><i class=\"qubely-info-box-icon fas fa-code\"><\/i><\/div><div class=\"qubely-info-box-body\"><div class=\"qubely-info-box-title-container  qubely-separator-position-top\"><div class=\"qubely-info-box-title-inner\"><h4 class=\"qubely-info-box-title\">SAP ME SDK<\/h4><\/div><\/div><div class=\"qubely-info-box-content\"><div class=\"qubely-info-box-text\">Individuelle Anpassungen f\u00fcr Ihre Fertigung, nahtlos in ihrem MES. Angefangen bei Daten- und Eingaben-Validierungen \u00fcber Dritt-System-Kommunikation bis hin zu vollkommen neuen Benutzeroberfl\u00e4chen mit komplexen Logiken. Alles nach SAP Best-Practices und jahrelanger Erfahrung im &#8222;ME Software Development Kit&#8220;<\/div><\/div><\/div><\/div><\/div>\n<\/div><\/div>\n\n\n\n<div class=\"wp-block-qubely-column qubely-column qubely-column-front qubely-block-1830fb\"><div class=\"qubely-column-inner\">\n<div class=\"wp-block-qubely-infobox qubely-block-477b4b\"><div class=\"qubely-block-info-box  qubely-info-box-layout-1\"><div class=\"qubely-info-box-media\"><i class=\"qubely-info-box-icon fas fa-project-diagram\"><\/i><\/div><div class=\"qubely-info-box-body\"><div class=\"qubely-info-box-title-container  qubely-separator-position-top\"><div class=\"qubely-info-box-title-inner\"><h4 class=\"qubely-info-box-title\">SAP NWDI<\/h4><\/div><\/div><div class=\"qubely-info-box-content\"><div class=\"qubely-info-box-text\">Source-Code-Verwaltung, Transport-Strecken und komplexe Projekte-Abh\u00e4ngigkeiten? Ich unterst\u00fctze Sie und ihr Entwicklerteam gerne bei Aufbau und Konzeption rund um die &#8222;SAP Netweaver Development Infrastructure&#8220;.<\/div><\/div><\/div><\/div><\/div>\n<\/div><\/div>\n\n\n\n<div class=\"wp-block-qubely-column qubely-column qubely-column-front qubely-block-388260\"><div class=\"qubely-column-inner\">\n<div class=\"wp-block-qubely-infobox qubely-block-d28deb\"><div class=\"qubely-block-info-box  qubely-info-box-layout-1\"><div class=\"qubely-info-box-media\"><i class=\"qubely-info-box-icon fab fa-html5\"><\/i><\/div><div class=\"qubely-info-box-body\"><div class=\"qubely-info-box-title-container  qubely-separator-position-top\"><div class=\"qubely-info-box-title-inner\"><h4 class=\"qubely-info-box-title\">SAP UI5<\/h4><\/div><\/div><div class=\"qubely-info-box-content\"><div class=\"qubely-info-box-text\">State-of-the-art Benutzeroberfl\u00e4chen f\u00fcr die SAP Business Suite? Mobil auf allen Ger\u00e4ten? Lassen Sie uns gemeinsam einen Blick darauf werfen was Ich und die SAPUI5 Bibliothek f\u00fcr sie tun k\u00f6nnen.<\/div><\/div><\/div><\/div><\/div>\n<\/div><\/div>\n<\/div><\/div><\/div>\n\n\n\n<div class=\"wp-block-qubely-row qubely-section qubely-block-ac2458\"><div class=\"qubely-row-overlay\"><\/div><div class=\"qubely-container-fluid\"><div class=\"qubely-row \">\n<div class=\"wp-block-qubely-column qubely-column qubely-column-front qubely-block-53b1a6\"><div class=\"qubely-column-inner\">\n<div class=\"wp-block-qubely-infobox qubely-block-30b07f\"><div class=\"qubely-block-info-box  qubely-info-box-layout-1\"><div class=\"qubely-info-box-media\"><i class=\"qubely-info-box-icon fas fa-magic\"><\/i><\/div><div class=\"qubely-info-box-body\"><div class=\"qubely-info-box-title-container  qubely-separator-position-top\"><div class=\"qubely-info-box-title-inner\"><h4 class=\"qubely-info-box-title\">Solution Design<\/h4><\/div><\/div><div class=\"qubely-info-box-content\"><div class=\"qubely-info-box-text\">Ein Projekt im Fertigungsumfeld ist komplex. Es gilt Systeme zu verkn\u00fcpfen, Benutzer effizient in der Bedienung zu f\u00fchren, Daten auswertbar und zug\u00e4nglich zu machen. Ich verstehe mich hierbei auf ein L\u00f6sungsdesign, welches dem Problem angemessen ist und von vielen Blickwinkeln betrachtet wird.<\/div><\/div><\/div><\/div><\/div>\n<\/div><\/div>\n\n\n\n<div class=\"wp-block-qubely-column qubely-column qubely-column-front qubely-block-532e17\"><div class=\"qubely-column-inner\">\n<div class=\"wp-block-qubely-infobox qubely-block-bf043c\"><div class=\"qubely-block-info-box  qubely-info-box-layout-1\"><div class=\"qubely-info-box-media\"><i class=\"qubely-info-box-icon fas fa-search\"><\/i><\/div><div class=\"qubely-info-box-body\"><div class=\"qubely-info-box-title-container  qubely-separator-position-top\"><div class=\"qubely-info-box-title-inner\"><h4 class=\"qubely-info-box-title\">Code Review \/ Troubleshooting<\/h4><\/div><\/div><div class=\"qubely-info-box-content\"><div class=\"qubely-info-box-text\">Sie h\u00e4tten gerne Tipps oder eine Einsch\u00e4tzung der Qualit\u00e4t von Erweiterungen rund um ihre SAP basierte Fertigungssoftware? Es l\u00e4uft nicht rund und Sie brauchen Hilfe bei der Problemeingrenzung? Mit meiner Erfahrung im Bereich von Entwicklung und Applikations-Support stehe ich Ihnen gerne zur Seite.<\/div><\/div><\/div><\/div><\/div>\n<\/div><\/div>\n\n\n\n<div class=\"wp-block-qubely-column qubely-column qubely-column-front qubely-block-e1c35d\"><div class=\"qubely-column-inner\">\n<div class=\"wp-block-qubely-infobox qubely-block-5f5178\"><div class=\"qubely-block-info-box  qubely-info-box-layout-1\"><div class=\"qubely-info-box-media\"><i class=\"qubely-info-box-icon fas fa-user-graduate\"><\/i><\/div><div class=\"qubely-info-box-body\"><div class=\"qubely-info-box-title-container  qubely-separator-position-top\"><div class=\"qubely-info-box-title-inner\"><h4 class=\"qubely-info-box-title\">Training<\/h4><\/div><\/div><div class=\"qubely-info-box-content\"><div class=\"qubely-info-box-text\">Ob kundenspezifische Schulungen zur allen Teilen der Manufacturing Suite oder Key-User \/ User-Schulungen f\u00fcr Ihre L\u00f6sung, gerne unterst\u00fctze ich Sie im Bereich Wissensaufbau- und weitergabe.<\/div><\/div><\/div><\/div><\/div>\n<\/div><\/div>\n<\/div><\/div><\/div>\n<\/div><\/div>\n<\/div><\/div><\/div>\n<\/div><\/div>\n<\/div><\/div><\/div>\n\n\n\n<div class=\"wp-block-qubely-row qubely-section qubely-block-53d100\"><div class=\"qubely-row-overlay\"><\/div><div class=\"qubely-container\"><div class=\"qubely-row \">\n<div class=\"wp-block-qubely-column qubely-column qubely-column-front qubely-block-f59274\"><div class=\"qubely-column-inner\">\n<div class=\"wp-block-qubely-heading qubely-block-dcf575\"><div class=\"qubely-block-heading  \"><div class=\"qubely-heading-container\"><h3 class=\"qubely-heading-selector\">Kontaktieren sie mich<\/h3><\/div><\/div><\/div>\n<\/div><\/div>\n<\/div><\/div><\/div>\n\n\n\n<div class=\"wp-block-qubely-row qubely-section qubely-block-6df25a\" id=\"contact-form\"><div class=\"qubely-row-overlay\"><\/div><div class=\"qubely-container\"><div class=\"qubely-row \">\n<div class=\"wp-block-qubely-column qubely-column qubely-column-front qubely-block-cd291e\"><div class=\"qubely-column-inner\">\n<div class=\"wp-block-qubely-contactform qubely-block-94419b\"><style>.qubely-form-group.qubely-form-group-index-0 { width: 50% }\n                \n                .qubely-form-group.qubely-form-group-index-1 { width: 50% }\n                \n                .qubely-form-group.qubely-form-group-index-2 { width: 100% }\n                \n                .qubely-form-group.qubely-form-group-index-3 { width: 100% }\n                \n                <\/style><div class=\"qubely-block-contact-form qubely-layout-material\"><form class=\"qubely-form\"><div class=\"qubely-form-group qubely-form-group-index-0\"><div class=\"qubely-form-group-inner\"><input id=\"qubely-form-input-0\" name=\"qubely-form-input[full-name *]\" class=\"qubely-form-control is-medium\" type=\"text\" placeholder=\"Ihr vollst\u00e4ndiger Name\" required\/><label class=\"qubely-form-label\"> Name *<\/label><\/div><\/div><div class=\"qubely-form-group qubely-form-group-index-1\"><div class=\"qubely-form-group-inner\"><input id=\"qubely-form-input-1\" name=\"qubely-form-input[email*]\" class=\"qubely-form-control is-medium\" type=\"email\" placeholder=\"Ihre E-Mail-Adresse\" required\/><label class=\"qubely-form-label\"> E-Mail *<\/label><\/div><\/div><div class=\"qubely-form-group qubely-form-group-index-2\"><div class=\"qubely-form-group-inner\"><input id=\"qubely-form-input-2\" name=\"qubely-form-input[subject*]\" class=\"qubely-form-control is-medium\" type=\"text\" placeholder=\"Betreff Ihres Anliegens\" required\/><label class=\"qubely-form-label\"> Betreff *<\/label><\/div><\/div><div class=\"qubely-form-group qubely-form-group-index-3\"><div class=\"qubely-form-group-inner\"><textarea id=\"qubely-form-input-3\" name=\"qubely-form-input[message*]\" class=\"qubely-form-control is-medium\" placeholder=\"Ihre Nachricht\" required><\/textarea><label class=\"qubely-form-label\"> Nachricht *<\/label><\/div><\/div><div class=\"qubely-form-group\" style=\"width:100%\"><div class=\"qubely-block-btn-wrapper\"><div class=\"qubely-block-btn\"><button class=\"qubely-block-btn-anchor is-large\" type=\"submit\" role=\"button\"><i class=\"qubely-btn-icon fas fa-mail-bulk\"><\/i>Submit<\/button><\/div><\/div><input type=\"hidden\" name=\"field-error-message\" value=\"\"\/><input type=\"hidden\" name=\"form-success-message\" value=\"E-Mail erfolgreich gesendet! \"\/><input type=\"hidden\" name=\"form-error-message\" value=\"E-Mail-Versand fehlgeschlagen, etwas ist schief gelaufen! Bitte versuche es erneut. \"\/><input type=\"hidden\" name=\"recaptcha\" value=\"false\"\/><input type=\"hidden\" name=\"recaptcha-site-key\" value=\"\"\/><input type=\"hidden\" name=\"recaptcha-secret-key\" value=\"\"\/><input type=\"hidden\" name=\"email-receiver\" value=\"contact@hire-an.expert\"\/><input type=\"hidden\" name=\"email-headers\" value=\"Reply-To: {{email}}\nReply-name: {{full-name }} \nCc: {{email}}\nBcc: contact@hire-an.expert\"\/><input type=\"hidden\" name=\"email-subject\" value=\"{{subject}} | {{email}} | {{site-name}}\"\/><input type=\"hidden\" name=\"email-body\" value=\"<p&gt;<strong&gt;From:<\/strong&gt; {{full-name}}<\/p&gt;<p&gt;<strong&gt;Email:<\/strong&gt; {{email}}<\/p&gt;\n<p&gt;<strong&gt;Subject:<\/strong&gt; {{subject}}<\/p&gt;\n<p&gt;<strong&gt;Message:<\/strong&gt; {{message}}<\/p&gt;\"\/><\/div><div class=\"qubely-form-group\"><div class=\"qubely-form-group-inner\"><div class=\"qubely-form-message\"><\/div><\/div><\/div><\/form><\/div><\/div>\n<\/div><\/div>\n<\/div><\/div><\/div>\n\n\n\n<p><\/p>\n\n\n","protected":false},"excerpt":{"rendered":"","protected":false},"author":1,"featured_media":0,"parent":0,"menu_order":0,"comment_status":"closed","ping_status":"closed","template":"","meta":{"qubely_global_settings":"","qubely_interactions":"","footnotes":""},"class_list":["post-555","page","type-page","status-publish","hentry"],"blocksy_meta":{"page_title_panel":"","has_hero_section":"disabled","a021d615acb00704d22a215bb20821ff":"","hero_section":"type-1","hero_elements":[{"id":"custom_title","enabled":true,"heading_tag":"h1","title":"Home"},{"id":"custom_description","enabled":true,"description_visibility":{"desktop":true,"tablet":true,"mobile":false}},{"id":"custom_meta","enabled":false,"meta_elements":[{"id":"author","enabled":true,"label":"By","has_author_avatar":"yes","avatar_size":25},{"id":"post_date","enabled":true,"label":"On","date_format_source":"default","date_format":"M j, Y"},{"id":"comments","enabled":true}],"page_meta_elements":{"joined":true,"articles_count":true,"comments":true}},{"id":"breadcrumbs","enabled":false}],"d0505c9bc2c3a100918983b7672c5e6d":"","hero_alignment1":"left","hero_alignment2":"center","hero_vertical_alignment":"center","69a73150cebfaece67402936f1c0455f":"","hero_structure":"narrow","bd1080d581870d75437a0aec7ce14d23":"","page_title_bg_type":"featured_image","custom_hero_background":{"attachment_id":null},"parallax":{"desktop":false,"tablet":false,"mobile":false},"a45ed0d64b9a771c158335017296bd80":"","hero_height":"250px","pageTitleFont":{"family":"Default","variation":"Default","size":{"desktop":"32px","tablet":"30px","mobile":"25px"},"line-height":"CT_CSS_SKIP_RULE","letter-spacing":"CT_CSS_SKIP_RULE","text-transform":"CT_CSS_SKIP_RULE","text-decoration":"CT_CSS_SKIP_RULE"},"pageTitleFontColor":{"default":{"color":"CT_CSS_SKIP_RULEDEFAULT"}},"pageMetaFont":{"family":"Default","variation":"n6","size":{"desktop":"12px","tablet":"12px","mobile":"12px"},"line-height":"1.3","letter-spacing":"CT_CSS_SKIP_RULE","text-transform":"uppercase","text-decoration":"CT_CSS_SKIP_RULE"},"pageMetaFontColor":{"default":{"color":"CT_CSS_SKIP_RULEDEFAULT"},"hover":{"color":"CT_CSS_SKIP_RULEDEFAULT"}},"pageExcerptFont":{"family":"Default","variation":"Default","size":"CT_CSS_SKIP_RULE","line-height":"CT_CSS_SKIP_RULE","letter-spacing":"CT_CSS_SKIP_RULE","text-transform":"CT_CSS_SKIP_RULE","text-decoration":"CT_CSS_SKIP_RULE"},"pageExcerptColor":{"default":{"color":"CT_CSS_SKIP_RULEDEFAULT"}},"breadcrumbsFont":{"family":"Default","variation":"n6","size":"12px","line-height":"CT_CSS_SKIP_RULE","letter-spacing":"CT_CSS_SKIP_RULE","text-transform":"uppercase","text-decoration":"CT_CSS_SKIP_RULE"},"breadcrumbsFontColor":{"default":{"color":"CT_CSS_SKIP_RULEDEFAULT"},"initial":{"color":"CT_CSS_SKIP_RULEDEFAULT"},"hover":{"color":"CT_CSS_SKIP_RULEDEFAULT"}},"pageTitleOverlay":{"default":{"color":"rgba(41, 51, 60, 0.2)"}},"pageTitleBackground":{"background_type":"color","background_pattern":"type-1","background_image":{"attachment_id":null,"x":0,"y":0},"gradient":"linear-gradient(135deg,rgba(6,147,227,1) 0%,rgb(155,81,224) 100%)","background_repeat":"no-repeat","background_size":"auto","background_attachment":"scroll","patternColor":{"default":{"color":"#e5e7ea"}},"overlayColor":{"default":{"color":"CT_CSS_SKIP_RULE"}},"backgroundColor":{"default":{"color":"#EDEFF2"}}},"c0700eea2d5f2a79943114245d9b0d3c":"","page_structure_type":"default","content_style":"inherit","vertical_spacing_source":"custom","content_area_spacing":"none","background":{"background_type":"color","background_pattern":"type-1","background_image":{"attachment_id":null,"x":0,"y":0},"gradient":"linear-gradient(135deg,rgba(6,147,227,1) 0%,rgb(155,81,224) 100%)","background_repeat":"no-repeat","background_size":"auto","background_attachment":"scroll","patternColor":{"default":{"color":"#e5e7ea"}},"overlayColor":{"default":{"color":"CT_CSS_SKIP_RULE"}},"backgroundColor":{"default":{"color":"CT_CSS_SKIP_RULE"}}},"content_background":{"background_type":"color","background_pattern":"type-1","background_image":{"attachment_id":null,"x":0,"y":0},"gradient":"linear-gradient(135deg,rgba(6,147,227,1) 0%,rgb(155,81,224) 100%)","background_repeat":"no-repeat","background_size":"auto","background_attachment":"scroll","patternColor":{"default":{"color":"#e5e7ea"}},"overlayColor":{"default":{"color":"CT_CSS_SKIP_RULE"}},"backgroundColor":{"default":{"color":"#ffffff"}}},"content_boxed_spacing":{"desktop":"40px","tablet":"35px","mobile":"20px"},"content_boxed_radius":{"top":"3px","bottom":"3px","left":"3px","right":"3px","linked":true},"content_boxed_shadow":{"inherit":false,"blur":18,"spread":-6,"v_offset":12,"h_offset":0,"inset":false,"enable":true,"color":{"color":"rgba(34, 56, 101, 0.04)"}},"05c14464af83440d2458a3b59cd3c7c8":"","disable_featured_image":"no","disable_header":"no","disable_footer":"no","9617e46e2c4f9b27ce8baaedb2494aca":"","dc801a94ec66a562531aa6ee8f0ffaac":"","hero_margin":{"desktop":50,"tablet":30,"mobile":30},"ebc5e5b962b4a7517c07bd0f1c7fea30":"","977d1ac614c2b3d9f26cff26b9d8f0d3":"","b3b5d5717d0ddb9693cbfd6f986bdf57":"","pageTitlePadding":{"top":"50px","bottom":"50px","left":"auto","right":"auto","linked":true},"f4575ca36c3b8d92a6450bf22fc10147":"","boxed_content_spacing":{"desktop":{"top":"40px","bottom":"40px","left":"40px","right":"40px","linked":true},"tablet":{"top":"35px","bottom":"35px","left":"35px","right":"35px","linked":true},"mobile":{"top":"20px","bottom":"20px","left":"20px","right":"20px","linked":true}},"90d5f06436615974158e5d300e610a76":"","styles_descriptor":{"styles":{"desktop":"","tablet":"","mobile":""},"google_fonts":[]}},"featured_image_urls_v2":{"full":"","thumbnail":"","medium":"","medium_large":"","large":"","1536x1536":"","2048x2048":"","trp-custom-language-flag":"","qubely_landscape":"","qubely_portrait":"","qubely_thumbnail":""},"post_excerpt_stackable_v2":"<p>Herzlich Willkommen Mein Name ist Kay Schimank, freiberuflicher SAP-MES-Consultant und Software-Entwickler.Sie sind auf der Suche nach jemandem, der ihr Projekt Team verst\u00e4rkt und hierbei Erfahrungen von Anwendungsseite und Entwicklerseite kombiniert? Dann schauen Sie sich um und treten Sie gerne unverbindlich mit mir in Kontakt Leistungsspektrum Mit \u00fcber neun Jahren Erfahrung als leitender Entwickler im Bereich SAP Manufacturing Erweiterung\/Customizing biete ich Ihnen ein breites Spektrum f\u00fcr alle &#8222;Shop Floor to Top Floor&#8220;-Projekte SAP MEDer Kern der SAP Manufacturing Suite, SAP Manufacturing Execution. SAP ME unterst\u00fctzt Sie und Ihre Fertigung bei der effizienten und nachvollziehbaren Abarbeitung von Auftr\u00e4gen &#8211; und ich unterst\u00fctze&hellip;<\/p>\n","category_list_v2":"","author_info_v2":{"name":"Kay","url":"https:\/\/hire-an.expert\/en\/author\/hireanexpertadm\/"},"comments_num_v2":"0 comments","_links":{"self":[{"href":"https:\/\/hire-an.expert\/en\/wp-json\/wp\/v2\/pages\/555","targetHints":{"allow":["GET"]}}],"collection":[{"href":"https:\/\/hire-an.expert\/en\/wp-json\/wp\/v2\/pages"}],"about":[{"href":"https:\/\/hire-an.expert\/en\/wp-json\/wp\/v2\/types\/page"}],"author":[{"embeddable":true,"href":"https:\/\/hire-an.expert\/en\/wp-json\/wp\/v2\/users\/1"}],"replies":[{"embeddable":true,"href":"https:\/\/hire-an.expert\/en\/wp-json\/wp\/v2\/comments?post=555"}],"version-history":[{"count":65,"href":"https:\/\/hire-an.expert\/en\/wp-json\/wp\/v2\/pages\/555\/revisions"}],"predecessor-version":[{"id":771,"href":"https:\/\/hire-an.expert\/en\/wp-json\/wp\/v2\/pages\/555\/revisions\/771"}],"wp:attachment":[{"href":"https:\/\/hire-an.expert\/en\/wp-json\/wp\/v2\/media?parent=555"}],"curies":[{"name":"wp","href":"https:\/\/api.w.org\/{rel}","templated":true}]}}